 {"id":5791,"date":"2019-04-16T15:50:26","date_gmt":"2019-04-16T19:50:26","guid":{"rendered":"https:\/\/a7integration.com\/?page_id=5791"},"modified":"2021-09-07T13:59:08","modified_gmt":"2021-09-07T17:59:08","slug":"engineering","status":"publish","type":"page","link":"https:\/\/a7integration.com\/en\/services\/engineering\/","title":{"rendered":"Engineering (A7 Design)"},"content":{"rendered":"<div class=\"wpb-content-wrapper\"><p>[vc_row][vc_column][vc_text_separator title=&#8221;Manufacturing Engineering&#8221; style=&#8221;style5&#8243;][vc_empty_space height=&#8221;20px&#8221;][\/vc_column][\/vc_row][vc_row][vc_column width=&#8221;1\/4&#8243;]<div class=\"smile_icon_list_wrap ult_info_list_container ult-adjust-bottom-margin  \"><ul class=\"smile_icon_list top square no_bg\"><li class=\"icon_list_item\" style=\" font-size:2px;\"><div class=\"icon_list_icon\" data-animation=\"\" data-animation-delay=\"03\" style=\"font-size:px;border-width:1px;border-style:solid;color:#353648;border-color:#eaeaea;\"><img decoding=\"async\" class=\"list-img-icon\" alt=\"icon\" src=\"https:\/\/a7integration.com\/wp-content\/uploads\/mini-moule.jpg\"\/><\/div><div class=\"icon_description\" id=\"Info-list-wrap-2614\" style=\"font-size:px;\"><h3 class=\"ult-responsive info-list-heading\"  data-ultimate-target='#Info-list-wrap-2614 h3'  data-responsive-json-new='{\"font-size\":\"desktop:16px;\",\"line-height\":\"desktop:24px;\"}'  style=\"\">Mold<\/h3><div class=\"icon_description_text ult-responsive\"  data-ultimate-target='#Info-list-wrap-2614 .icon_description_text'  data-responsive-json-new='{\"font-size\":\"desktop:13px;\",\"line-height\":\"desktop:18px;\"}'  style=\"\"><p><a href=\"#\"><small>Learn More<\/small><\/a><\/p>\n<\/div><\/div><div class=\"icon_list_connector\" data-animation=\"fadeInLeft\" data-animation-delay=\"03\" style=\"border-top-width: 1px;border-top-style: dashed;border-color: #eaeaea;\"><\/div><a class=\"ulimate-info-list-link\" href=\"https:\/\/a7integration.com\/en\/services\/engineering\/mold\/\" ><\/a><\/li><\/ul><\/div>[\/vc_column][vc_column width=&#8221;1\/4&#8243;]<div class=\"smile_icon_list_wrap ult_info_list_container ult-adjust-bottom-margin  \"><ul class=\"smile_icon_list top square no_bg\"><li class=\"icon_list_item\" style=\" font-size:2px;\"><div class=\"icon_list_icon\" data-animation=\"\" data-animation-delay=\"03\" style=\"font-size:px;border-width:1px;border-style:solid;color:#353648;border-color:#eaeaea;\"><img decoding=\"async\" class=\"list-img-icon\" alt=\"icon\" src=\"https:\/\/a7integration.com\/wp-content\/uploads\/mini-outilage.jpg\"\/><\/div><div class=\"icon_description\" id=\"Info-list-wrap-1427\" style=\"font-size:px;\"><h3 class=\"ult-responsive info-list-heading\"  data-ultimate-target='#Info-list-wrap-1427 h3'  data-responsive-json-new='{\"font-size\":\"desktop:16px;\",\"line-height\":\"desktop:24px;\"}'  style=\"\">Tooling<\/h3><div class=\"icon_description_text ult-responsive\"  data-ultimate-target='#Info-list-wrap-1427 .icon_description_text'  data-responsive-json-new='{\"font-size\":\"desktop:13px;\",\"line-height\":\"desktop:18px;\"}'  style=\"\"><p><small><a href=\"#\">Learn More<\/a><\/small><\/p>\n<\/div><\/div><div class=\"icon_list_connector\" data-animation=\"fadeInLeft\" data-animation-delay=\"03\" style=\"border-top-width: 1px;border-top-style: dashed;border-color: #eaeaea;\"><\/div><a class=\"ulimate-info-list-link\" href=\"https:\/\/a7integration.com\/en\/services\/engineering\/tooling\/\" ><\/a><\/li><\/ul><\/div>[\/vc_column][vc_column width=&#8221;1\/4&#8243;]<div class=\"smile_icon_list_wrap ult_info_list_container ult-adjust-bottom-margin  \"><ul class=\"smile_icon_list top square no_bg\"><li class=\"icon_list_item\" style=\" font-size:2px;\"><div class=\"icon_list_icon\" data-animation=\"\" data-animation-delay=\"03\" style=\"font-size:px;border-width:1px;border-style:solid;color:#353648;border-color:#eaeaea;\"><img decoding=\"async\" class=\"list-img-icon\" alt=\"icon\" src=\"https:\/\/a7integration.com\/wp-content\/uploads\/production-1.jpg\"\/><\/div><div class=\"icon_description\" id=\"Info-list-wrap-9792\" style=\"font-size:px;\"><h3 class=\"ult-responsive info-list-heading\"  data-ultimate-target='#Info-list-wrap-9792 h3'  data-responsive-json-new='{\"font-size\":\"desktop:16px;\",\"line-height\":\"desktop:24px;\"}'  style=\"\">Production Cell<\/h3><div class=\"icon_description_text ult-responsive\"  data-ultimate-target='#Info-list-wrap-9792 .icon_description_text'  data-responsive-json-new='{\"font-size\":\"desktop:13px;\",\"line-height\":\"desktop:18px;\"}'  style=\"\"><p><small><a href=\"#\">Learn More<\/a><\/small><\/p>\n<\/div><\/div><div class=\"icon_list_connector\" data-animation=\"fadeInLeft\" data-animation-delay=\"03\" style=\"border-top-width: 1px;border-top-style: dashed;border-color: #eaeaea;\"><\/div><a class=\"ulimate-info-list-link\" href=\"https:\/\/a7integration.com\/en\/services\/engineering\/production-cell\/\" ><\/a><\/li><\/ul><\/div>[\/vc_column][vc_column width=&#8221;1\/4&#8243;]<div class=\"smile_icon_list_wrap ult_info_list_container ult-adjust-bottom-margin  \"><ul class=\"smile_icon_list top square no_bg\"><li class=\"icon_list_item\" style=\" font-size:2px;\"><div class=\"icon_list_icon\" data-animation=\"\" data-animation-delay=\"03\" style=\"font-size:px;border-width:1px;border-style:solid;color:#353648;border-color:#eaeaea;\"><img decoding=\"async\" class=\"list-img-icon\" alt=\"icon\" src=\"https:\/\/a7integration.com\/wp-content\/uploads\/mini-design-usine.jpg\"\/><\/div><div class=\"icon_description\" id=\"Info-list-wrap-1999\" style=\"font-size:px;\"><h3 class=\"ult-responsive info-list-heading\"  data-ultimate-target='#Info-list-wrap-1999 h3'  data-responsive-json-new='{\"font-size\":\"desktop:16px;\",\"line-height\":\"desktop:24px;\"}'  style=\"\">Plant Design<\/h3><div class=\"icon_description_text ult-responsive\"  data-ultimate-target='#Info-list-wrap-1999 .icon_description_text'  data-responsive-json-new='{\"font-size\":\"desktop:13px;\",\"line-height\":\"desktop:18px;\"}'  style=\"\"><p><small><a href=\"#\">Learn More<\/a><\/small><\/p>\n<\/div><\/div><div class=\"icon_list_connector\" data-animation=\"fadeInLeft\" data-animation-delay=\"03\" style=\"border-top-width: 1px;border-top-style: dashed;border-color: #eaeaea;\"><\/div><a class=\"ulimate-info-list-link\" href=\"https:\/\/a7integration.com\/en\/services\/engineering\/plant-design\/\" ><\/a><\/li><\/ul><\/div>[\/vc_column][\/vc_row][vc_row][vc_column][vc_empty_space height=&#8221;20px&#8221;][vc_text_separator title=&#8221;3D Printing&#8221; style=&#8221;style5&#8243;][vc_empty_space height=&#8221;20px&#8221;][\/vc_column][\/vc_row][vc_row][vc_column width=&#8221;1\/4&#8243; offset=&#8221;vc_col-lg-offset-2&#8243;]<div class=\"smile_icon_list_wrap ult_info_list_container ult-adjust-bottom-margin  \"><ul class=\"smile_icon_list top square no_bg\"><li class=\"icon_list_item\" style=\" font-size:2px;\"><div class=\"icon_list_icon\" data-animation=\"\" data-animation-delay=\"03\" style=\"font-size:px;border-width:1px;border-style:solid;color:#353648;border-color:#eaeaea;\"><img decoding=\"async\" class=\"list-img-icon\" alt=\"icon\" src=\"https:\/\/a7integration.com\/wp-content\/uploads\/mini-main-robot.jpg\"\/><\/div><div class=\"icon_description\" id=\"Info-list-wrap-5121\" style=\"font-size:px;\"><h3 class=\"ult-responsive info-list-heading\"  data-ultimate-target='#Info-list-wrap-5121 h3'  data-responsive-json-new='{\"font-size\":\"desktop:16px;\",\"line-height\":\"desktop:24px;\"}'  style=\"\">End Effector<\/h3><div class=\"icon_description_text ult-responsive\"  data-ultimate-target='#Info-list-wrap-5121 .icon_description_text'  data-responsive-json-new='{\"font-size\":\"desktop:13px;\",\"line-height\":\"desktop:18px;\"}'  style=\"\"><p><small><a href=\"#\">Learn More<\/a><\/small><\/p>\n<\/div><\/div><div class=\"icon_list_connector\" data-animation=\"fadeInLeft\" data-animation-delay=\"03\" style=\"border-top-width: 1px;border-top-style: dashed;border-color: #eaeaea;\"><\/div><a class=\"ulimate-info-list-link\" href=\"https:\/\/a7integration.com\/en\/services\/engineering\/3d-printing-end-effector\/\" ><\/a><\/li><\/ul><\/div>[\/vc_column][vc_column width=&#8221;1\/4&#8243;]<div class=\"smile_icon_list_wrap ult_info_list_container ult-adjust-bottom-margin  \"><ul class=\"smile_icon_list top square no_bg\"><li class=\"icon_list_item\" style=\" font-size:2px;\"><div class=\"icon_list_icon\" data-animation=\"\" data-animation-delay=\"03\" style=\"font-size:px;border-width:1px;border-style:solid;color:#353648;border-color:#eaeaea;\"><img decoding=\"async\" class=\"list-img-icon\" alt=\"icon\" src=\"https:\/\/a7integration.com\/wp-content\/uploads\/mini-3d-outillage.jpg\"\/><\/div><div class=\"icon_description\" id=\"Info-list-wrap-9300\" style=\"font-size:px;\"><h3 class=\"ult-responsive info-list-heading\"  data-ultimate-target='#Info-list-wrap-9300 h3'  data-responsive-json-new='{\"font-size\":\"desktop:16px;\",\"line-height\":\"desktop:24px;\"}'  style=\"\">Tooling<\/h3><div class=\"icon_description_text ult-responsive\"  data-ultimate-target='#Info-list-wrap-9300 .icon_description_text'  data-responsive-json-new='{\"font-size\":\"desktop:13px;\",\"line-height\":\"desktop:18px;\"}'  style=\"\"><p><small><a href=\"#\">Learn More<\/a><\/small><\/p>\n<\/div><\/div><div class=\"icon_list_connector\" data-animation=\"fadeInLeft\" data-animation-delay=\"03\" style=\"border-top-width: 1px;border-top-style: dashed;border-color: #eaeaea;\"><\/div><a class=\"ulimate-info-list-link\" href=\"https:\/\/a7integration.com\/en\/services\/engineering\/3d-printing-tooling\/\" ><\/a><\/li><\/ul><\/div>[\/vc_column][vc_column width=&#8221;1\/4&#8243;]<div class=\"smile_icon_list_wrap ult_info_list_container ult-adjust-bottom-margin  \"><ul class=\"smile_icon_list top square no_bg\"><li class=\"icon_list_item\" style=\" font-size:2px;\"><div class=\"icon_list_icon\" data-animation=\"\" data-animation-delay=\"03\" style=\"font-size:px;border-width:1px;border-style:solid;color:#353648;border-color:#eaeaea;\"><img decoding=\"async\" class=\"list-img-icon\" alt=\"icon\" src=\"https:\/\/a7integration.com\/wp-content\/uploads\/mini-3d-prototypage.jpg\"\/><\/div><div class=\"icon_description\" id=\"Info-list-wrap-8195\" style=\"font-size:px;\"><h3 class=\"ult-responsive info-list-heading\"  data-ultimate-target='#Info-list-wrap-8195 h3'  data-responsive-json-new='{\"font-size\":\"desktop:16px;\",\"line-height\":\"desktop:24px;\"}'  style=\"\">Prototyping<\/h3><div class=\"icon_description_text ult-responsive\"  data-ultimate-target='#Info-list-wrap-8195 .icon_description_text'  data-responsive-json-new='{\"font-size\":\"desktop:13px;\",\"line-height\":\"desktop:18px;\"}'  style=\"\"><p><small><a href=\"#\">Learn More<\/a><\/small><\/p>\n<\/div><\/div><div class=\"icon_list_connector\" data-animation=\"fadeInLeft\" data-animation-delay=\"03\" style=\"border-top-width: 1px;border-top-style: dashed;border-color: #eaeaea;\"><\/div><a class=\"ulimate-info-list-link\" href=\"https:\/\/a7integration.com\/en\/services\/engineering\/3d-printing-prototyping\/\" ><\/a><\/li><\/ul><\/div>[\/vc_column][\/vc_row][vc_row][vc_column][vc_empty_space height=&#8221;20px&#8221;][vc_text_separator title=&#8221;Virtual Reality \/ Augmented Reality&#8221; style=&#8221;style5&#8243;][vc_empty_space height=&#8221;20px&#8221;][\/vc_column][\/vc_row][vc_row][vc_column width=&#8221;1\/4&#8243;]<div class=\"smile_icon_list_wrap ult_info_list_container ult-adjust-bottom-margin  \"><ul class=\"smile_icon_list top square no_bg\"><li class=\"icon_list_item\" style=\" font-size:2px;\"><div class=\"icon_list_icon\" data-animation=\"\" data-animation-delay=\"03\" style=\"font-size:px;border-width:1px;border-style:solid;color:#353648;border-color:#eaeaea;\"><img decoding=\"async\" class=\"list-img-icon\" alt=\"icon\" src=\"https:\/\/a7integration.com\/wp-content\/uploads\/revue-conception-1.jpg\"\/><\/div><div class=\"icon_description\" id=\"Info-list-wrap-9986\" style=\"font-size:px;\"><h3 class=\"ult-responsive info-list-heading\"  data-ultimate-target='#Info-list-wrap-9986 h3'  data-responsive-json-new='{\"font-size\":\"desktop:16px;\",\"line-height\":\"desktop:24px;\"}'  style=\"\">Design Review<\/h3><div class=\"icon_description_text ult-responsive\"  data-ultimate-target='#Info-list-wrap-9986 .icon_description_text'  data-responsive-json-new='{\"font-size\":\"desktop:13px;\",\"line-height\":\"desktop:18px;\"}'  style=\"\"><p><small><a href=\"#\">Learn More<\/a><\/small><\/p>\n<\/div><\/div><div class=\"icon_list_connector\" data-animation=\"fadeInLeft\" data-animation-delay=\"03\" style=\"border-top-width: 1px;border-top-style: dashed;border-color: #eaeaea;\"><\/div><a class=\"ulimate-info-list-link\" href=\"https:\/\/a7integration.com\/en\/services\/engineering\/design-review\/\" ><\/a><\/li><\/ul><\/div>[\/vc_column][vc_column width=&#8221;1\/4&#8243;]<div class=\"smile_icon_list_wrap ult_info_list_container ult-adjust-bottom-margin  \"><ul class=\"smile_icon_list top square no_bg\"><li class=\"icon_list_item\" style=\" font-size:2px;\"><div class=\"icon_list_icon\" data-animation=\"\" data-animation-delay=\"03\" style=\"font-size:px;border-width:1px;border-style:solid;color:#353648;border-color:#eaeaea;\"><img decoding=\"async\" class=\"list-img-icon\" alt=\"icon\" src=\"https:\/\/a7integration.com\/wp-content\/uploads\/instructions-travail-1.jpg\"\/><\/div><div class=\"icon_description\" id=\"Info-list-wrap-4370\" style=\"font-size:px;\"><h3 class=\"ult-responsive info-list-heading\"  data-ultimate-target='#Info-list-wrap-4370 h3'  data-responsive-json-new='{\"font-size\":\"desktop:16px;\",\"line-height\":\"desktop:24px;\"}'  style=\"\">Work Instructions<\/h3><div class=\"icon_description_text ult-responsive\"  data-ultimate-target='#Info-list-wrap-4370 .icon_description_text'  data-responsive-json-new='{\"font-size\":\"desktop:13px;\",\"line-height\":\"desktop:18px;\"}'  style=\"\"><p><small><a href=\"#\">Learn More<\/a><\/small><\/p>\n<\/div><\/div><div class=\"icon_list_connector\" data-animation=\"fadeInLeft\" data-animation-delay=\"03\" style=\"border-top-width: 1px;border-top-style: dashed;border-color: #eaeaea;\"><\/div><a class=\"ulimate-info-list-link\" href=\"https:\/\/a7integration.com\/en\/services\/engineering\/work-instructions\/\" ><\/a><\/li><\/ul><\/div>[\/vc_column][vc_column width=&#8221;1\/4&#8243;]<div class=\"smile_icon_list_wrap ult_info_list_container ult-adjust-bottom-margin  \"><ul class=\"smile_icon_list top square no_bg\"><li class=\"icon_list_item\" style=\" font-size:2px;\"><div class=\"icon_list_icon\" data-animation=\"\" data-animation-delay=\"03\" style=\"font-size:px;border-width:1px;border-style:solid;color:#353648;border-color:#eaeaea;\"><img decoding=\"async\" class=\"list-img-icon\" alt=\"icon\" src=\"https:\/\/a7integration.com\/wp-content\/uploads\/mini-vrar-ergonomie.jpg\"\/><\/div><div class=\"icon_description\" id=\"Info-list-wrap-7495\" style=\"font-size:px;\"><h3 class=\"ult-responsive info-list-heading\"  data-ultimate-target='#Info-list-wrap-7495 h3'  data-responsive-json-new='{\"font-size\":\"desktop:16px;\",\"line-height\":\"desktop:24px;\"}'  style=\"\">Ergonomy<\/h3><div class=\"icon_description_text ult-responsive\"  data-ultimate-target='#Info-list-wrap-7495 .icon_description_text'  data-responsive-json-new='{\"font-size\":\"desktop:13px;\",\"line-height\":\"desktop:18px;\"}'  style=\"\"><p><small><a href=\"#\">Learn More<\/a><\/small><\/p>\n<\/div><\/div><div class=\"icon_list_connector\" data-animation=\"fadeInLeft\" data-animation-delay=\"03\" style=\"border-top-width: 1px;border-top-style: dashed;border-color: #eaeaea;\"><\/div><a class=\"ulimate-info-list-link\" href=\"https:\/\/a7integration.com\/en\/services\/engineering\/ergonomy\/\" ><\/a><\/li><\/ul><\/div>[\/vc_column][vc_column width=&#8221;1\/4&#8243;]<div class=\"smile_icon_list_wrap ult_info_list_container ult-adjust-bottom-margin  \"><ul class=\"smile_icon_list top square no_bg\"><li class=\"icon_list_item\" style=\" font-size:2px;\"><div class=\"icon_list_icon\" data-animation=\"\" data-animation-delay=\"03\" style=\"font-size:px;border-width:1px;border-style:solid;color:#353648;border-color:#eaeaea;\"><img decoding=\"async\" class=\"list-img-icon\" alt=\"icon\" src=\"https:\/\/a7integration.com\/wp-content\/uploads\/formation-1.jpg\"\/><\/div><div class=\"icon_description\" id=\"Info-list-wrap-5565\" style=\"font-size:px;\"><h3 class=\"ult-responsive info-list-heading\"  data-ultimate-target='#Info-list-wrap-5565 h3'  data-responsive-json-new='{\"font-size\":\"desktop:16px;\",\"line-height\":\"desktop:24px;\"}'  style=\"\">Training<\/h3><div class=\"icon_description_text ult-responsive\"  data-ultimate-target='#Info-list-wrap-5565 .icon_description_text'  data-responsive-json-new='{\"font-size\":\"desktop:13px;\",\"line-height\":\"desktop:18px;\"}'  style=\"\"><p><small><a href=\"#\">Learn More<\/a><\/small><\/p>\n<\/div><\/div><div class=\"icon_list_connector\" data-animation=\"fadeInLeft\" data-animation-delay=\"03\" style=\"border-top-width: 1px;border-top-style: dashed;border-color: #eaeaea;\"><\/div><a class=\"ulimate-info-list-link\" href=\"https:\/\/a7integration.com\/en\/services\/engineering\/training\/\" ><\/a><\/li><\/ul><\/div>[\/vc_column][\/vc_row][vc_row][vc_column][vc_empty_space height=&#8221;20px&#8221;][vc_text_separator title=&#8221;Services&#8221; style=&#8221;style5&#8243;][\/vc_column][\/vc_row][vc_row][vc_column width=&#8221;1\/6&#8243;][\/vc_column][vc_column width=&#8221;2\/3&#8243;][vc_row_inner][vc_column_inner width=&#8221;1\/2&#8243;][vc_column_text]<\/p>\n<ul>\n<li>Manufacturing Engineering<\/li>\n<li>Mechanical Engineering<\/li>\n<li>Industrialization<\/li>\n<\/ul>\n<p>[\/vc_column_text][\/vc_column_inner][vc_column_inner width=&#8221;1\/2&#8243;][vc_column_text]<\/p>\n<ul>\n<li>Onsite\/Remote Engineering Outsourcing<\/li>\n<li>Industrial VR\/AR solutions<\/li>\n<li>Project Management<\/li>\n<\/ul>\n<p>[\/vc_column_text][\/vc_column_inner][\/vc_row_inner][\/vc_column][vc_column width=&#8221;1\/6&#8243;][\/vc_column][\/vc_row][vc_row][vc_column]<div class=\"space30\"><\/div>[vc_column_text css=&#8221;.vc_custom_1555461182157{margin-right: 0px !important;margin-left: 0px !important;border-right-width: 0px !important;border-left-width: 0px !important;padding-top: 20px !important;padding-right: 0px !important;padding-left: 0px !important;}&#8221; el_class=&#8221;slogan&#8221;]<\/p>\n<p class=\"slogan\"><span style=\"color: #e61e2a !important;\">A7 DESIGN<\/span> <span style=\"color: #97989a;\">|<\/span> <span style=\"color: #000000;\">PARTNER BY EXCELLENCE<\/span><\/p>\n<p>[\/vc_column_text]<div class=\"space30\"><\/div>[\/vc_column][\/vc_row]<\/p>\n<\/div>","protected":false},"excerpt":{"rendered":"<p>[vc_row][vc_column][vc_text_separator title=&#8221;Manufacturing Engineering&#8221; style=&#8221;style5&#8243;][vc_empty_space height=&#8221;20px&#8221;][\/vc_column][\/vc_row][vc_row][vc_column width=&#8221;1\/4&#8243;][\/vc_column][vc_column width=&#8221;1\/4&#8243;][\/vc_column][vc_column width=&#8221;1\/4&#8243;][\/vc_column][vc_column width=&#8221;1\/4&#8243;][\/vc_column][\/vc_row][vc_row][vc_column][vc_empty_space height=&#8221;20px&#8221;][vc_text_separator<\/p>\n","protected":false},"author":1,"featured_media":0,"parent":4339,"menu_order":0,"comment_status":"closed","ping_status":"closed","template":"","meta":{"_acf_changed":false,"footnotes":""},"class_list":["post-5791","page","type-page","status-publish","hentry"],"acf":[],"yoast_head":"<!-- This site is optimized with the Yoast SEO plugin v26.6 - https:\/\/yoast.com\/wordpress\/plugins\/seo\/ -->\n<title>Engineering (A7 Design) | A7 Integration | Engineering and high precision machining<\/title>\n<meta name=\"description\" content=\"A7 Int\u00e9gration fournit des services d\u2019ing\u00e9nierie et d\u2019usinage de pr\u00e9cision pour diff\u00e9rents secteurs comme l&#039;a\u00e9ronautique ou l&#039;automobile.\" \/>\n<meta name=\"robots\" content=\"index, follow, max-snippet:-1, max-image-preview:large, max-video-preview:-1\" \/>\n<link rel=\"canonical\" href=\"https:\/\/a7integration.com\/en\/services\/engineering\/\" \/>\n<meta property=\"og:locale\" content=\"en_US\" \/>\n<meta property=\"og:type\" content=\"article\" \/>\n<meta property=\"og:title\" content=\"Engineering (A7 Design) | A7 Integration | Engineering and high precision machining\" \/>\n<meta property=\"og:description\" content=\"A7 Int\u00e9gration fournit des services d\u2019ing\u00e9nierie et d\u2019usinage de pr\u00e9cision pour diff\u00e9rents secteurs comme l&#039;a\u00e9ronautique ou l&#039;automobile.\" \/>\n<meta property=\"og:url\" content=\"https:\/\/a7integration.com\/en\/services\/engineering\/\" \/>\n<meta property=\"og:site_name\" content=\"A7 Integration\" \/>\n<meta property=\"article:publisher\" content=\"https:\/\/www.facebook.com\/A7integration\/\" \/>\n<meta property=\"article:modified_time\" content=\"2021-09-07T17:59:08+00:00\" \/>\n<meta property=\"og:image\" content=\"https:\/\/a7integration.com\/wp-content\/uploads\/logo-a7integration.png\" \/>\n\t<meta property=\"og:image:width\" content=\"300\" \/>\n\t<meta property=\"og:image:height\" content=\"135\" \/>\n\t<meta property=\"og:image:type\" content=\"image\/png\" \/>\n<meta name=\"twitter:card\" content=\"summary_large_image\" \/>\n<meta name=\"twitter:label1\" content=\"Est. reading time\" \/>\n\t<meta name=\"twitter:data1\" content=\"5 minutes\" \/>\n<script type=\"application\/ld+json\" class=\"yoast-schema-graph\">{\"@context\":\"https:\/\/schema.org\",\"@graph\":[{\"@type\":\"WebPage\",\"@id\":\"https:\/\/a7integration.com\/en\/services\/engineering\/\",\"url\":\"https:\/\/a7integration.com\/en\/services\/engineering\/\",\"name\":\"Engineering (A7 Design) | A7 Integration | Engineering and high precision machining\",\"isPartOf\":{\"@id\":\"https:\/\/a7integration.com\/#website\"},\"datePublished\":\"2019-04-16T19:50:26+00:00\",\"dateModified\":\"2021-09-07T17:59:08+00:00\",\"description\":\"A7 Int\u00e9gration fournit des services d\u2019ing\u00e9nierie et d\u2019usinage de pr\u00e9cision pour diff\u00e9rents secteurs comme l'a\u00e9ronautique ou l'automobile.\",\"breadcrumb\":{\"@id\":\"https:\/\/a7integration.com\/en\/services\/engineering\/#breadcrumb\"},\"inLanguage\":\"en-US\",\"potentialAction\":[{\"@type\":\"ReadAction\",\"target\":[\"https:\/\/a7integration.com\/en\/services\/engineering\/\"]}]},{\"@type\":\"BreadcrumbList\",\"@id\":\"https:\/\/a7integration.com\/en\/services\/engineering\/#breadcrumb\",\"itemListElement\":[{\"@type\":\"ListItem\",\"position\":1,\"name\":\"Home\",\"item\":\"https:\/\/a7integration.com\/en\/\"},{\"@type\":\"ListItem\",\"position\":2,\"name\":\"Services\",\"item\":\"https:\/\/a7integration.com\/en\/services\/\"},{\"@type\":\"ListItem\",\"position\":3,\"name\":\"Engineering (A7 Design)\"}]},{\"@type\":\"WebSite\",\"@id\":\"https:\/\/a7integration.com\/#website\",\"url\":\"https:\/\/a7integration.com\/\",\"name\":\"A7 Integration\",\"description\":\"Engineering and high precision machining\",\"potentialAction\":[{\"@type\":\"SearchAction\",\"target\":{\"@type\":\"EntryPoint\",\"urlTemplate\":\"https:\/\/a7integration.com\/?s={search_term_string}\"},\"query-input\":{\"@type\":\"PropertyValueSpecification\",\"valueRequired\":true,\"valueName\":\"search_term_string\"}}],\"inLanguage\":\"en-US\"}]}<\/script>\n<!-- \/ Yoast SEO plugin. -->","yoast_head_json":{"title":"Engineering (A7 Design) | A7 Integration | Engineering and high precision machining","description":"A7 Int\u00e9gration fournit des services d\u2019ing\u00e9nierie et d\u2019usinage de pr\u00e9cision pour diff\u00e9rents secteurs comme l'a\u00e9ronautique ou l'automobile.","robots":{"index":"index","follow":"follow","max-snippet":"max-snippet:-1","max-image-preview":"max-image-preview:large","max-video-preview":"max-video-preview:-1"},"canonical":"https:\/\/a7integration.com\/en\/services\/engineering\/","og_locale":"en_US","og_type":"article","og_title":"Engineering (A7 Design) | A7 Integration | Engineering and high precision machining","og_description":"A7 Int\u00e9gration fournit des services d\u2019ing\u00e9nierie et d\u2019usinage de pr\u00e9cision pour diff\u00e9rents secteurs comme l'a\u00e9ronautique ou l'automobile.","og_url":"https:\/\/a7integration.com\/en\/services\/engineering\/","og_site_name":"A7 Integration","article_publisher":"https:\/\/www.facebook.com\/A7integration\/","article_modified_time":"2021-09-07T17:59:08+00:00","og_image":[{"width":300,"height":135,"url":"https:\/\/a7integration.com\/wp-content\/uploads\/logo-a7integration.png","type":"image\/png"}],"twitter_card":"summary_large_image","twitter_misc":{"Est. reading time":"5 minutes"},"schema":{"@context":"https:\/\/schema.org","@graph":[{"@type":"WebPage","@id":"https:\/\/a7integration.com\/en\/services\/engineering\/","url":"https:\/\/a7integration.com\/en\/services\/engineering\/","name":"Engineering (A7 Design) | A7 Integration | Engineering and high precision machining","isPartOf":{"@id":"https:\/\/a7integration.com\/#website"},"datePublished":"2019-04-16T19:50:26+00:00","dateModified":"2021-09-07T17:59:08+00:00","description":"A7 Int\u00e9gration fournit des services d\u2019ing\u00e9nierie et d\u2019usinage de pr\u00e9cision pour diff\u00e9rents secteurs comme l'a\u00e9ronautique ou l'automobile.","breadcrumb":{"@id":"https:\/\/a7integration.com\/en\/services\/engineering\/#breadcrumb"},"inLanguage":"en-US","potentialAction":[{"@type":"ReadAction","target":["https:\/\/a7integration.com\/en\/services\/engineering\/"]}]},{"@type":"BreadcrumbList","@id":"https:\/\/a7integration.com\/en\/services\/engineering\/#breadcrumb","itemListElement":[{"@type":"ListItem","position":1,"name":"Home","item":"https:\/\/a7integration.com\/en\/"},{"@type":"ListItem","position":2,"name":"Services","item":"https:\/\/a7integration.com\/en\/services\/"},{"@type":"ListItem","position":3,"name":"Engineering (A7 Design)"}]},{"@type":"WebSite","@id":"https:\/\/a7integration.com\/#website","url":"https:\/\/a7integration.com\/","name":"A7 Integration","description":"Engineering and high precision machining","potentialAction":[{"@type":"SearchAction","target":{"@type":"EntryPoint","urlTemplate":"https:\/\/a7integration.com\/?s={search_term_string}"},"query-input":{"@type":"PropertyValueSpecification","valueRequired":true,"valueName":"search_term_string"}}],"inLanguage":"en-US"}]}},"_links":{"self":[{"href":"https:\/\/a7integration.com\/en\/wp-json\/wp\/v2\/pages\/5791","targetHints":{"allow":["GET"]}}],"collection":[{"href":"https:\/\/a7integration.com\/en\/wp-json\/wp\/v2\/pages"}],"about":[{"href":"https:\/\/a7integration.com\/en\/wp-json\/wp\/v2\/types\/page"}],"author":[{"embeddable":true,"href":"https:\/\/a7integration.com\/en\/wp-json\/wp\/v2\/users\/1"}],"replies":[{"embeddable":true,"href":"https:\/\/a7integration.com\/en\/wp-json\/wp\/v2\/comments?post=5791"}],"version-history":[{"count":1,"href":"https:\/\/a7integration.com\/en\/wp-json\/wp\/v2\/pages\/5791\/revisions"}],"predecessor-version":[{"id":6492,"href":"https:\/\/a7integration.com\/en\/wp-json\/wp\/v2\/pages\/5791\/revisions\/6492"}],"up":[{"embeddable":true,"href":"https:\/\/a7integration.com\/en\/wp-json\/wp\/v2\/pages\/4339"}],"wp:attachment":[{"href":"https:\/\/a7integration.com\/en\/wp-json\/wp\/v2\/media?parent=5791"}],"curies":[{"name":"wp","href":"https:\/\/api.w.org\/{rel}","templated":true}]}}