 {"id":5747,"date":"2019-04-16T14:33:24","date_gmt":"2019-04-16T18:33:24","guid":{"rendered":"https:\/\/a7integration.com\/?page_id=5747"},"modified":"2019-05-06T14:49:39","modified_gmt":"2019-05-06T18:49:39","slug":"manufacturing","status":"publish","type":"page","link":"https:\/\/a7integration.com\/en\/services\/manufacturing\/","title":{"rendered":"Manufacturing"},"content":{"rendered":"<div class=\"wpb-content-wrapper\"><p>[vc_row][vc_column][vc_text_separator title=&#8221;Specializations&#8221; style=&#8221;style5&#8243;][vc_empty_space height=&#8221;20px&#8221;][\/vc_column][\/vc_row][vc_row][vc_column width=&#8221;1\/4&#8243;]<div class=\"smile_icon_list_wrap ult_info_list_container ult-adjust-bottom-margin  \"><ul class=\"smile_icon_list top square no_bg\"><li class=\"icon_list_item\" style=\" font-size:2px;\"><div class=\"icon_list_icon\" data-animation=\"\" data-animation-delay=\"03\" style=\"font-size:px;border-width:1px;border-style:solid;color:#353648;border-color:#eaeaea;\"><img decoding=\"async\" class=\"list-img-icon\" alt=\"icon\" src=\"https:\/\/a7integration.com\/wp-content\/uploads\/mini-aube.jpg\"\/><\/div><div class=\"icon_description\" id=\"Info-list-wrap-1690\" style=\"font-size:px;\"><h3 class=\"ult-responsive info-list-heading\"  data-ultimate-target='#Info-list-wrap-1690 h3'  data-responsive-json-new='{\"font-size\":\"desktop:16px;\",\"line-height\":\"desktop:24px;\"}'  style=\"\">Blade and Vane<\/h3><div class=\"icon_description_text ult-responsive\"  data-ultimate-target='#Info-list-wrap-1690 .icon_description_text'  data-responsive-json-new='{\"font-size\":\"desktop:13px;\",\"line-height\":\"desktop:18px;\"}'  style=\"\"><p><small><a href=\"#\">Learn More<\/a><\/small><\/p>\n<\/div><\/div><div class=\"icon_list_connector\" data-animation=\"fadeInLeft\" data-animation-delay=\"03\" style=\"border-top-width: 1px;border-top-style: dashed;border-color: #eaeaea;\"><\/div><a class=\"ulimate-info-list-link\" href=\"https:\/\/a7integration.com\/en\/services\/manufacturing\/blade-and-vane\/\" ><\/a><\/li><\/ul><\/div>[\/vc_column][vc_column width=&#8221;1\/4&#8243;]<div class=\"smile_icon_list_wrap ult_info_list_container ult-adjust-bottom-margin  \"><ul class=\"smile_icon_list top square no_bg\"><li class=\"icon_list_item\" style=\" font-size:2px;\"><div class=\"icon_list_icon\" data-animation=\"\" data-animation-delay=\"03\" style=\"font-size:px;border-width:1px;border-style:solid;color:#353648;border-color:#eaeaea;\"><img decoding=\"async\" class=\"list-img-icon\" alt=\"icon\" src=\"https:\/\/a7integration.com\/wp-content\/uploads\/mini-aeronautique.jpg\"\/><\/div><div class=\"icon_description\" id=\"Info-list-wrap-4630\" style=\"font-size:px;\"><h3 class=\"ult-responsive info-list-heading\"  data-ultimate-target='#Info-list-wrap-4630 h3'  data-responsive-json-new='{\"font-size\":\"desktop:16px;\",\"line-height\":\"desktop:24px;\"}'  style=\"\">Aircraft Parts<\/h3><div class=\"icon_description_text ult-responsive\"  data-ultimate-target='#Info-list-wrap-4630 .icon_description_text'  data-responsive-json-new='{\"font-size\":\"desktop:13px;\",\"line-height\":\"desktop:18px;\"}'  style=\"\"><p><small><a href=\"#\">Learn More<\/a><\/small><\/p>\n<\/div><\/div><div class=\"icon_list_connector\" data-animation=\"fadeInLeft\" data-animation-delay=\"03\" style=\"border-top-width: 1px;border-top-style: dashed;border-color: #eaeaea;\"><\/div><a class=\"ulimate-info-list-link\" href=\"https:\/\/a7integration.com\/en\/services\/manufacturing\/aircraft-parts\/\" ><\/a><\/li><\/ul><\/div>[\/vc_column][vc_column width=&#8221;1\/4&#8243;]<div class=\"smile_icon_list_wrap ult_info_list_container ult-adjust-bottom-margin  \"><ul class=\"smile_icon_list top square no_bg\"><li class=\"icon_list_item\" style=\" font-size:2px;\"><div class=\"icon_list_icon\" data-animation=\"\" data-animation-delay=\"03\" style=\"font-size:px;border-width:1px;border-style:solid;color:#353648;border-color:#eaeaea;\"><img decoding=\"async\" class=\"list-img-icon\" alt=\"icon\" src=\"https:\/\/a7integration.com\/wp-content\/uploads\/mini-moule-gabarit.jpg\"\/><\/div><div class=\"icon_description\" id=\"Info-list-wrap-9015\" style=\"font-size:px;\"><h3 class=\"ult-responsive info-list-heading\"  data-ultimate-target='#Info-list-wrap-9015 h3'  data-responsive-json-new='{\"font-size\":\"desktop:16px;\",\"line-height\":\"desktop:24px;\"}'  style=\"\">Mold and Fixture<\/h3><div class=\"icon_description_text ult-responsive\"  data-ultimate-target='#Info-list-wrap-9015 .icon_description_text'  data-responsive-json-new='{\"font-size\":\"desktop:13px;\",\"line-height\":\"desktop:18px;\"}'  style=\"\"><p><small><a href=\"#\">Learn More<\/a><\/small><\/p>\n<\/div><\/div><div class=\"icon_list_connector\" data-animation=\"fadeInLeft\" data-animation-delay=\"03\" style=\"border-top-width: 1px;border-top-style: dashed;border-color: #eaeaea;\"><\/div><a class=\"ulimate-info-list-link\" href=\"https:\/\/a7integration.com\/en\/services\/manufacturing\/mold-and-fixture\/\" ><\/a><\/li><\/ul><\/div>[\/vc_column][vc_column width=&#8221;1\/4&#8243;]<div class=\"smile_icon_list_wrap ult_info_list_container ult-adjust-bottom-margin  \"><ul class=\"smile_icon_list top square no_bg\"><li class=\"icon_list_item\" style=\" font-size:2px;\"><div class=\"icon_list_icon\" data-animation=\"\" data-animation-delay=\"03\" style=\"font-size:px;border-width:1px;border-style:solid;color:#353648;border-color:#eaeaea;\"><img decoding=\"async\" class=\"list-img-icon\" alt=\"icon\" src=\"https:\/\/a7integration.com\/wp-content\/uploads\/mini-support.jpg\"\/><\/div><div class=\"icon_description\" id=\"Info-list-wrap-3161\" style=\"font-size:px;\"><h3 class=\"ult-responsive info-list-heading\"  data-ultimate-target='#Info-list-wrap-3161 h3'  data-responsive-json-new='{\"font-size\":\"desktop:16px;\",\"line-height\":\"desktop:24px;\"}'  style=\"\">Ground Support Equipment<\/h3><div class=\"icon_description_text ult-responsive\"  data-ultimate-target='#Info-list-wrap-3161 .icon_description_text'  data-responsive-json-new='{\"font-size\":\"desktop:13px;\",\"line-height\":\"desktop:18px;\"}'  style=\"\"><p><small><a href=\"#\">Learn More<\/a><\/small><\/p>\n<\/div><\/div><div class=\"icon_list_connector\" data-animation=\"fadeInLeft\" data-animation-delay=\"03\" style=\"border-top-width: 1px;border-top-style: dashed;border-color: #eaeaea;\"><\/div><a class=\"ulimate-info-list-link\" href=\"https:\/\/a7integration.com\/en\/services\/manufacturing\/ground-support-equipment\/\" ><\/a><\/li><\/ul><\/div>[\/vc_column][\/vc_row][vc_row][vc_column width=&#8221;1\/4&#8243;]<div class=\"smile_icon_list_wrap ult_info_list_container ult-adjust-bottom-margin  \"><ul class=\"smile_icon_list top square no_bg\"><li class=\"icon_list_item\" style=\" font-size:2px;\"><div class=\"icon_list_icon\" data-animation=\"\" data-animation-delay=\"03\" style=\"font-size:px;border-width:1px;border-style:solid;color:#353648;border-color:#eaeaea;\"><img decoding=\"async\" class=\"list-img-icon\" alt=\"icon\" src=\"https:\/\/a7integration.com\/wp-content\/uploads\/mini-outillage-complexe.jpg\"\/><\/div><div class=\"icon_description\" id=\"Info-list-wrap-8981\" style=\"font-size:px;\"><h3 class=\"ult-responsive info-list-heading\"  data-ultimate-target='#Info-list-wrap-8981 h3'  data-responsive-json-new='{\"font-size\":\"desktop:16px;\",\"line-height\":\"desktop:24px;\"}'  style=\"\">Complex Tooling<\/h3><div class=\"icon_description_text ult-responsive\"  data-ultimate-target='#Info-list-wrap-8981 .icon_description_text'  data-responsive-json-new='{\"font-size\":\"desktop:13px;\",\"line-height\":\"desktop:18px;\"}'  style=\"\"><p><small><a href=\"#\">Learn More<\/a><\/small><\/p>\n<\/div><\/div><div class=\"icon_list_connector\" data-animation=\"fadeInLeft\" data-animation-delay=\"03\" style=\"border-top-width: 1px;border-top-style: dashed;border-color: #eaeaea;\"><\/div><a class=\"ulimate-info-list-link\" href=\"https:\/\/a7integration.com\/en\/services\/manufacturing\/complex-tooling\/\" ><\/a><\/li><\/ul><\/div>[\/vc_column][vc_column width=&#8221;1\/4&#8243;]<div class=\"smile_icon_list_wrap ult_info_list_container ult-adjust-bottom-margin  \"><ul class=\"smile_icon_list top square no_bg\"><li class=\"icon_list_item\" style=\" font-size:2px;\"><div class=\"icon_list_icon\" data-animation=\"\" data-animation-delay=\"03\" style=\"font-size:px;border-width:1px;border-style:solid;color:#353648;border-color:#eaeaea;\"><img decoding=\"async\" class=\"list-img-icon\" alt=\"icon\" src=\"https:\/\/a7integration.com\/wp-content\/uploads\/mini-roue-vanne.jpg\"\/><\/div><div class=\"icon_description\" id=\"Info-list-wrap-6406\" style=\"font-size:px;\"><h3 class=\"ult-responsive info-list-heading\"  data-ultimate-target='#Info-list-wrap-6406 h3'  data-responsive-json-new='{\"font-size\":\"desktop:16px;\",\"line-height\":\"desktop:24px;\"}'  style=\"\">Blade, Wicket Gate and Hydroelectric Runner<\/h3><div class=\"icon_description_text ult-responsive\"  data-ultimate-target='#Info-list-wrap-6406 .icon_description_text'  data-responsive-json-new='{\"font-size\":\"desktop:13px;\",\"line-height\":\"desktop:18px;\"}'  style=\"\"><p><small><a href=\"#\">Learn More<\/a><\/small><\/p>\n<\/div><\/div><div class=\"icon_list_connector\" data-animation=\"fadeInLeft\" data-animation-delay=\"03\" style=\"border-top-width: 1px;border-top-style: dashed;border-color: #eaeaea;\"><\/div><a class=\"ulimate-info-list-link\" href=\"https:\/\/a7integration.com\/en\/services\/manufacturing\/blade-wicket-gate-and-hydroelectric-runner\/\" ><\/a><\/li><\/ul><\/div>[\/vc_column][vc_column width=&#8221;1\/4&#8243;]<div class=\"smile_icon_list_wrap ult_info_list_container ult-adjust-bottom-margin  \"><ul class=\"smile_icon_list top square no_bg\"><li class=\"icon_list_item\" style=\" font-size:2px;\"><div class=\"icon_list_icon\" data-animation=\"\" data-animation-delay=\"03\" style=\"font-size:px;border-width:1px;border-style:solid;color:#353648;border-color:#eaeaea;\"><img decoding=\"async\" class=\"list-img-icon\" alt=\"icon\" src=\"https:\/\/a7integration.com\/wp-content\/uploads\/mini-prototype.jpg\"\/><\/div><div class=\"icon_description\" id=\"Info-list-wrap-3904\" style=\"font-size:px;\"><h3 class=\"ult-responsive info-list-heading\"  data-ultimate-target='#Info-list-wrap-3904 h3'  data-responsive-json-new='{\"font-size\":\"desktop:16px;\",\"line-height\":\"desktop:24px;\"}'  style=\"\">Prototype Part<\/h3><div class=\"icon_description_text ult-responsive\"  data-ultimate-target='#Info-list-wrap-3904 .icon_description_text'  data-responsive-json-new='{\"font-size\":\"desktop:13px;\",\"line-height\":\"desktop:18px;\"}'  style=\"\"><p><small><a href=\"#\">Learn More<\/a><\/small><\/p>\n<\/div><\/div><div class=\"icon_list_connector\" data-animation=\"fadeInLeft\" data-animation-delay=\"03\" style=\"border-top-width: 1px;border-top-style: dashed;border-color: #eaeaea;\"><\/div><a class=\"ulimate-info-list-link\" href=\"https:\/\/a7integration.com\/en\/services\/manufacturing\/prototype-part\/\" ><\/a><\/li><\/ul><\/div>[\/vc_column][vc_column width=&#8221;1\/4&#8243;]<div class=\"smile_icon_list_wrap ult_info_list_container ult-adjust-bottom-margin  \"><ul class=\"smile_icon_list top square no_bg\"><li class=\"icon_list_item\" style=\" font-size:2px;\"><div class=\"icon_list_icon\" data-animation=\"\" data-animation-delay=\"03\" style=\"font-size:px;border-width:1px;border-style:solid;color:#353648;border-color:#eaeaea;\"><img decoding=\"async\" class=\"list-img-icon\" alt=\"icon\" src=\"https:\/\/a7integration.com\/wp-content\/uploads\/mini-materiaux-exotiques.jpg\"\/><\/div><div class=\"icon_description\" id=\"Info-list-wrap-9512\" style=\"font-size:px;\"><h3 class=\"ult-responsive info-list-heading\"  data-ultimate-target='#Info-list-wrap-9512 h3'  data-responsive-json-new='{\"font-size\":\"desktop:16px;\",\"line-height\":\"desktop:24px;\"}'  style=\"\">Exotic Material<\/h3><div class=\"icon_description_text ult-responsive\"  data-ultimate-target='#Info-list-wrap-9512 .icon_description_text'  data-responsive-json-new='{\"font-size\":\"desktop:13px;\",\"line-height\":\"desktop:18px;\"}'  style=\"\"><p><small><a href=\"#\">Learn More<\/a><\/small><\/p>\n<\/div><\/div><div class=\"icon_list_connector\" data-animation=\"fadeInLeft\" data-animation-delay=\"03\" style=\"border-top-width: 1px;border-top-style: dashed;border-color: #eaeaea;\"><\/div><a class=\"ulimate-info-list-link\" href=\"https:\/\/a7integration.com\/en\/services\/manufacturing\/exotic-material\/\" ><\/a><\/li><\/ul><\/div>[\/vc_column][\/vc_row][vc_row][vc_column width=&#8221;1\/4&#8243; offset=&#8221;vc_col-lg-offset-3&#8243;]<div class=\"smile_icon_list_wrap ult_info_list_container ult-adjust-bottom-margin  \"><ul class=\"smile_icon_list top square no_bg\"><li class=\"icon_list_item\" style=\" font-size:2px;\"><div class=\"icon_list_icon\" data-animation=\"\" data-animation-delay=\"03\" style=\"font-size:px;border-width:1px;border-style:solid;color:#353648;border-color:#eaeaea;\"><img decoding=\"async\" class=\"list-img-icon\" alt=\"icon\" src=\"https:\/\/a7integration.com\/wp-content\/uploads\/mini-gabarit-maintien.jpg\"\/><\/div><div class=\"icon_description\" id=\"Info-list-wrap-3734\" style=\"font-size:px;\"><h3 class=\"ult-responsive info-list-heading\"  data-ultimate-target='#Info-list-wrap-3734 h3'  data-responsive-json-new='{\"font-size\":\"desktop:16px;\",\"line-height\":\"desktop:24px;\"}'  style=\"\">Robotized Holding Fixture<\/h3><div class=\"icon_description_text ult-responsive\"  data-ultimate-target='#Info-list-wrap-3734 .icon_description_text'  data-responsive-json-new='{\"font-size\":\"desktop:13px;\",\"line-height\":\"desktop:18px;\"}'  style=\"\"><p><small><a href=\"#\">Learn More<\/a><\/small><\/p>\n<\/div><\/div><div class=\"icon_list_connector\" data-animation=\"fadeInLeft\" data-animation-delay=\"03\" style=\"border-top-width: 1px;border-top-style: dashed;border-color: #eaeaea;\"><\/div><a class=\"ulimate-info-list-link\" href=\"https:\/\/a7integration.com\/en\/services\/manufacturing\/robotized-holding-fixture\/\" ><\/a><\/li><\/ul><\/div>[\/vc_column][vc_column width=&#8221;1\/4&#8243;]<div class=\"smile_icon_list_wrap ult_info_list_container ult-adjust-bottom-margin  \"><ul class=\"smile_icon_list top square no_bg\"><li class=\"icon_list_item\" style=\" font-size:2px;\"><div class=\"icon_list_icon\" data-animation=\"\" data-animation-delay=\"03\" style=\"font-size:px;border-width:1px;border-style:solid;color:#353648;border-color:#eaeaea;\"><img decoding=\"async\" class=\"list-img-icon\" alt=\"icon\" src=\"https:\/\/a7integration.com\/wp-content\/uploads\/mini-electronique-2.jpg\"\/><\/div><div class=\"icon_description\" id=\"Info-list-wrap-7317\" style=\"font-size:px;\"><h3 class=\"ult-responsive info-list-heading\"  data-ultimate-target='#Info-list-wrap-7317 h3'  data-responsive-json-new='{\"font-size\":\"desktop:12px;\",\"line-height\":\"desktop:24px;\"}'  style=\"\">Graphite and Metallic Fixture for Electronics<\/h3><div class=\"icon_description_text ult-responsive\"  data-ultimate-target='#Info-list-wrap-7317 .icon_description_text'  data-responsive-json-new='{\"font-size\":\"desktop:13px;\",\"line-height\":\"desktop:18px;\"}'  style=\"\"><p><small><a href=\"#\">Learn More<\/a><\/small><\/p>\n<\/div><\/div><div class=\"icon_list_connector\" data-animation=\"fadeInLeft\" data-animation-delay=\"03\" style=\"border-top-width: 1px;border-top-style: dashed;border-color: #eaeaea;\"><\/div><a class=\"ulimate-info-list-link\" href=\"https:\/\/a7integration.com\/en\/services\/manufacturing\/graphite-and-metallic-fixture-for-electronics\/\" ><\/a><\/li><\/ul><\/div>[\/vc_column][\/vc_row][vc_row][vc_column][vc_empty_space height=&#8221;20px&#8221;][vc_text_separator title=&#8221;Services&#8221; style=&#8221;style5&#8243;][\/vc_column][\/vc_row][vc_row][vc_column width=&#8221;1\/3&#8243;][vc_column_text]<\/p>\n<ul>\n<li>CNC Programming<\/li>\n<li>Mutli-Axis Machining<\/li>\n<li>Flat and Cylindrical Precision Grinding<\/li>\n<li>Welding<\/li>\n<li>Inspection and Reverse Engineering<\/li>\n<\/ul>\n<p>[\/vc_column_text][\/vc_column][vc_column width=&#8221;1\/3&#8243;][vc_column_text]<\/p>\n<ul>\n<li>Assembly\n<ul>\n<li>Complex Mechanical Assembly<\/li>\n<li>Complex Large Weldment<\/li>\n<li>Hydraulic and Pneumatic Assembly<\/li>\n<\/ul>\n<\/li>\n<li>Marking\u00a0: Laser, Micro-Percussion and Ink<\/li>\n<\/ul>\n<p>[\/vc_column_text][\/vc_column][vc_column width=&#8221;1\/3&#8243;][vc_column_text]<\/p>\n<ul>\n<li>Treatments\n<ul>\n<li>Passivation<\/li>\n<li>Paint<\/li>\n<li>Anodizing<\/li>\n<li>Thermal Treatment<\/li>\n<li>Any Other Treatments on Demand<\/li>\n<\/ul>\n<\/li>\n<\/ul>\n<p>[\/vc_column_text][\/vc_column][\/vc_row][vc_row][vc_column]<div class=\"space30\"><\/div>[vc_column_text css=&#8221;.vc_custom_1555461536736{margin-right: 0px !important;margin-left: 0px !important;border-right-width: 0px !important;border-left-width: 0px !important;padding-top: 20px !important;padding-right: 0px !important;padding-left: 0px !important;}&#8221; el_class=&#8221;slogan&#8221;]<\/p>\n<p class=\"slogan\"><span style=\"color: #e61e2a !important;\">A7 INTEGRATION<\/span> <span style=\"color: #97989a;\">|<\/span> <span style=\"color: #000000;\">PARTNER BY EXCELLENCE<\/span><\/p>\n<p>[\/vc_column_text]<div class=\"space30\"><\/div>[\/vc_column][\/vc_row]<\/p>\n<\/div>","protected":false},"excerpt":{"rendered":"<p>[vc_row][vc_column][vc_text_separator title=&#8221;Specializations&#8221; style=&#8221;style5&#8243;][vc_empty_space height=&#8221;20px&#8221;][\/vc_column][\/vc_row][vc_row][vc_column width=&#8221;1\/4&#8243;][\/vc_column][vc_column width=&#8221;1\/4&#8243;][\/vc_column][vc_column width=&#8221;1\/4&#8243;][\/vc_column][vc_column width=&#8221;1\/4&#8243;][\/vc_column][\/vc_row][vc_row][vc_column width=&#8221;1\/4&#8243;][\/vc_column][vc_column width=&#8221;1\/4&#8243;][\/vc_column][vc_column<\/p>\n","protected":false},"author":1,"featured_media":0,"parent":4339,"menu_order":0,"comment_status":"closed","ping_status":"closed","template":"","meta":{"_acf_changed":false,"footnotes":""},"class_list":["post-5747","page","type-page","status-publish","hentry"],"acf":[],"yoast_head":"<!-- This site is optimized with the Yoast SEO plugin v26.6 - https:\/\/yoast.com\/wordpress\/plugins\/seo\/ -->\n<title>Manufacturing | A7 Integration | Engineering and high precision machining<\/title>\n<meta name=\"description\" content=\"A7 Int\u00e9gration fournit des services d\u2019ing\u00e9nierie et d\u2019usinage de pr\u00e9cision pour diff\u00e9rents secteurs comme l&#039;a\u00e9ronautique ou l&#039;automobile.\" \/>\n<meta name=\"robots\" content=\"index, follow, max-snippet:-1, max-image-preview:large, max-video-preview:-1\" \/>\n<link rel=\"canonical\" href=\"https:\/\/a7integration.com\/en\/services\/manufacturing\/\" \/>\n<meta property=\"og:locale\" content=\"en_US\" \/>\n<meta property=\"og:type\" content=\"article\" \/>\n<meta property=\"og:title\" content=\"Manufacturing | A7 Integration | Engineering and high precision machining\" \/>\n<meta property=\"og:description\" content=\"A7 Int\u00e9gration fournit des services d\u2019ing\u00e9nierie et d\u2019usinage de pr\u00e9cision pour diff\u00e9rents secteurs comme l&#039;a\u00e9ronautique ou l&#039;automobile.\" \/>\n<meta property=\"og:url\" content=\"https:\/\/a7integration.com\/en\/services\/manufacturing\/\" \/>\n<meta property=\"og:site_name\" content=\"A7 Integration\" \/>\n<meta property=\"article:publisher\" content=\"https:\/\/www.facebook.com\/A7integration\/\" \/>\n<meta property=\"article:modified_time\" content=\"2019-05-06T18:49:39+00:00\" \/>\n<meta property=\"og:image\" content=\"https:\/\/a7integration.com\/wp-content\/uploads\/logo-a7integration.png\" \/>\n\t<meta property=\"og:image:width\" content=\"300\" \/>\n\t<meta property=\"og:image:height\" content=\"135\" \/>\n\t<meta property=\"og:image:type\" content=\"image\/png\" \/>\n<meta name=\"twitter:card\" content=\"summary_large_image\" \/>\n<meta name=\"twitter:label1\" content=\"Est. reading time\" \/>\n\t<meta name=\"twitter:data1\" content=\"5 minutes\" \/>\n<script type=\"application\/ld+json\" class=\"yoast-schema-graph\">{\"@context\":\"https:\/\/schema.org\",\"@graph\":[{\"@type\":\"WebPage\",\"@id\":\"https:\/\/a7integration.com\/en\/services\/manufacturing\/\",\"url\":\"https:\/\/a7integration.com\/en\/services\/manufacturing\/\",\"name\":\"Manufacturing | A7 Integration | Engineering and high precision machining\",\"isPartOf\":{\"@id\":\"https:\/\/a7integration.com\/#website\"},\"datePublished\":\"2019-04-16T18:33:24+00:00\",\"dateModified\":\"2019-05-06T18:49:39+00:00\",\"description\":\"A7 Int\u00e9gration fournit des services d\u2019ing\u00e9nierie et d\u2019usinage de pr\u00e9cision pour diff\u00e9rents secteurs comme l'a\u00e9ronautique ou l'automobile.\",\"breadcrumb\":{\"@id\":\"https:\/\/a7integration.com\/en\/services\/manufacturing\/#breadcrumb\"},\"inLanguage\":\"en-US\",\"potentialAction\":[{\"@type\":\"ReadAction\",\"target\":[\"https:\/\/a7integration.com\/en\/services\/manufacturing\/\"]}]},{\"@type\":\"BreadcrumbList\",\"@id\":\"https:\/\/a7integration.com\/en\/services\/manufacturing\/#breadcrumb\",\"itemListElement\":[{\"@type\":\"ListItem\",\"position\":1,\"name\":\"Home\",\"item\":\"https:\/\/a7integration.com\/en\/\"},{\"@type\":\"ListItem\",\"position\":2,\"name\":\"Services\",\"item\":\"https:\/\/a7integration.com\/en\/services\/\"},{\"@type\":\"ListItem\",\"position\":3,\"name\":\"Manufacturing\"}]},{\"@type\":\"WebSite\",\"@id\":\"https:\/\/a7integration.com\/#website\",\"url\":\"https:\/\/a7integration.com\/\",\"name\":\"A7 Integration\",\"description\":\"Engineering and high precision machining\",\"potentialAction\":[{\"@type\":\"SearchAction\",\"target\":{\"@type\":\"EntryPoint\",\"urlTemplate\":\"https:\/\/a7integration.com\/?s={search_term_string}\"},\"query-input\":{\"@type\":\"PropertyValueSpecification\",\"valueRequired\":true,\"valueName\":\"search_term_string\"}}],\"inLanguage\":\"en-US\"}]}<\/script>\n<!-- \/ Yoast SEO plugin. -->","yoast_head_json":{"title":"Manufacturing | A7 Integration | Engineering and high precision machining","description":"A7 Int\u00e9gration fournit des services d\u2019ing\u00e9nierie et d\u2019usinage de pr\u00e9cision pour diff\u00e9rents secteurs comme l'a\u00e9ronautique ou l'automobile.","robots":{"index":"index","follow":"follow","max-snippet":"max-snippet:-1","max-image-preview":"max-image-preview:large","max-video-preview":"max-video-preview:-1"},"canonical":"https:\/\/a7integration.com\/en\/services\/manufacturing\/","og_locale":"en_US","og_type":"article","og_title":"Manufacturing | A7 Integration | Engineering and high precision machining","og_description":"A7 Int\u00e9gration fournit des services d\u2019ing\u00e9nierie et d\u2019usinage de pr\u00e9cision pour diff\u00e9rents secteurs comme l'a\u00e9ronautique ou l'automobile.","og_url":"https:\/\/a7integration.com\/en\/services\/manufacturing\/","og_site_name":"A7 Integration","article_publisher":"https:\/\/www.facebook.com\/A7integration\/","article_modified_time":"2019-05-06T18:49:39+00:00","og_image":[{"width":300,"height":135,"url":"https:\/\/a7integration.com\/wp-content\/uploads\/logo-a7integration.png","type":"image\/png"}],"twitter_card":"summary_large_image","twitter_misc":{"Est. reading time":"5 minutes"},"schema":{"@context":"https:\/\/schema.org","@graph":[{"@type":"WebPage","@id":"https:\/\/a7integration.com\/en\/services\/manufacturing\/","url":"https:\/\/a7integration.com\/en\/services\/manufacturing\/","name":"Manufacturing | A7 Integration | Engineering and high precision machining","isPartOf":{"@id":"https:\/\/a7integration.com\/#website"},"datePublished":"2019-04-16T18:33:24+00:00","dateModified":"2019-05-06T18:49:39+00:00","description":"A7 Int\u00e9gration fournit des services d\u2019ing\u00e9nierie et d\u2019usinage de pr\u00e9cision pour diff\u00e9rents secteurs comme l'a\u00e9ronautique ou l'automobile.","breadcrumb":{"@id":"https:\/\/a7integration.com\/en\/services\/manufacturing\/#breadcrumb"},"inLanguage":"en-US","potentialAction":[{"@type":"ReadAction","target":["https:\/\/a7integration.com\/en\/services\/manufacturing\/"]}]},{"@type":"BreadcrumbList","@id":"https:\/\/a7integration.com\/en\/services\/manufacturing\/#breadcrumb","itemListElement":[{"@type":"ListItem","position":1,"name":"Home","item":"https:\/\/a7integration.com\/en\/"},{"@type":"ListItem","position":2,"name":"Services","item":"https:\/\/a7integration.com\/en\/services\/"},{"@type":"ListItem","position":3,"name":"Manufacturing"}]},{"@type":"WebSite","@id":"https:\/\/a7integration.com\/#website","url":"https:\/\/a7integration.com\/","name":"A7 Integration","description":"Engineering and high precision machining","potentialAction":[{"@type":"SearchAction","target":{"@type":"EntryPoint","urlTemplate":"https:\/\/a7integration.com\/?s={search_term_string}"},"query-input":{"@type":"PropertyValueSpecification","valueRequired":true,"valueName":"search_term_string"}}],"inLanguage":"en-US"}]}},"_links":{"self":[{"href":"https:\/\/a7integration.com\/en\/wp-json\/wp\/v2\/pages\/5747","targetHints":{"allow":["GET"]}}],"collection":[{"href":"https:\/\/a7integration.com\/en\/wp-json\/wp\/v2\/pages"}],"about":[{"href":"https:\/\/a7integration.com\/en\/wp-json\/wp\/v2\/types\/page"}],"author":[{"embeddable":true,"href":"https:\/\/a7integration.com\/en\/wp-json\/wp\/v2\/users\/1"}],"replies":[{"embeddable":true,"href":"https:\/\/a7integration.com\/en\/wp-json\/wp\/v2\/comments?post=5747"}],"version-history":[{"count":0,"href":"https:\/\/a7integration.com\/en\/wp-json\/wp\/v2\/pages\/5747\/revisions"}],"up":[{"embeddable":true,"href":"https:\/\/a7integration.com\/en\/wp-json\/wp\/v2\/pages\/4339"}],"wp:attachment":[{"href":"https:\/\/a7integration.com\/en\/wp-json\/wp\/v2\/media?parent=5747"}],"curies":[{"name":"wp","href":"https:\/\/api.w.org\/{rel}","templated":true}]}}